{"id":2213,"date":"2021-01-14T16:07:20","date_gmt":"2021-01-14T15:07:20","guid":{"rendered":"https:\/\/fischer-elektromotoren.de\/?page_id=2213"},"modified":"2021-01-27T15:30:42","modified_gmt":"2021-01-27T14:30:42","slug":"toolmaking","status":"publish","type":"page","link":"https:\/\/fischer-elektromotoren.de\/en\/services\/toolmaking\/","title":{"rendered":"Toolmaking"},"content":{"rendered":"<div class=\"wpb-content-wrapper\"><p>[vc_section][vc_row][vc_column][vc_custom_heading text=&#8221;DER EIGENE WERKZEUGBAU MACHT UNS ALS HERSTELLER F\u00dcR ELEKTROMOTREN AUTARK&#8221; font_container=&#8221;tag:h1|text_align:center&#8221; use_theme_fonts=&#8221;yes&#8221;][vc_row_inner][vc_column_inner width=&#8221;1\/2&#8243;][vc_single_image image=&#8221;835&#8243; img_size=&#8221;full&#8221; alignment=&#8221;center&#8221; el_class=&#8221;m-b-none&#8221;][\/vc_column_inner][vc_column_inner width=&#8221;1\/2&#8243;][vc_single_image image=&#8221;823&#8243; img_size=&#8221;full&#8221; el_class=&#8221;m-b-none&#8221;][\/vc_column_inner][\/vc_row_inner][vc_row_inner][vc_column_inner][vc_custom_heading text=&#8221;Schneller, flexibler, wirtschaftlicher unsere Kunden profitieren von unserem Werkzeugbau&#8221; font_container=&#8221;tag:h2|text_align:center&#8221; use_theme_fonts=&#8221;yes&#8221; css=&#8221;.vc_custom_1589977926112{margin-bottom: 0px !important;}&#8221;][\/vc_column_inner][\/vc_row_inner][vc_row_inner][vc_column_inner width=&#8221;1\/3&#8243;][vc_column_text]Es ist Teil unserer DNA, dass wir fast alle ben\u00f6tigten Teile und Werkzeuge, die wir zur Herstellung von Elektromotoren ben\u00f6tigen selbst fertigen.<\/p>\n<p>Da wir ohnehin meist sehr spezielle Elektromotoren produzieren, sind Werkzeuge von der Stange f\u00fcr uns eher selten die zielf\u00fchrend.[\/vc_column_text][\/vc_column_inner][vc_column_inner width=&#8221;1\/3&#8243;][vc_column_text]Unsere Fertigungstiefe ist enorm, denn unser umfangreiches Produktionsprogramm runden wir mit unserem eigenen Werkzeugbau ab. So schaffen wir die Grundlage f\u00fcr die individuellen Fertigungs- und Montagem\u00f6glichkeiten auf h\u00f6chstem Niveau, f\u00fcr die wir bekannt sind. Die Qualit\u00e4t des Werkzeugs entscheidend f\u00fcr die Qualit\u00e4t des Endprodukts.[\/vc_column_text][\/vc_column_inner][vc_column_inner width=&#8221;1\/3&#8243;][vc_column_text]Wir stellen Ihnen unsere Erfahrung und unser Know-how im Werkzeugbau zur Verf\u00fcgung. Von der Konstruktion bis zum Produktionsprozess optimieren wir mit Sachverstand und Erfahrung im Sinne von Qualit\u00e4t und Wirtschaftlichkeit.[\/vc_column_text][\/vc_column_inner][\/vc_row_inner][vc_single_image image=&#8221;503&#8243; img_size=&#8221;full&#8221; alignment=&#8221;center&#8221; el_class=&#8221;m-b-none&#8221; css=&#8221;.vc_custom_1589978022813{margin-bottom: 30px !important;}&#8221;][vc_custom_heading text=&#8221;Unser Werkzeugbau bietet viele Vorteile&#8221; font_container=&#8221;tag:h2|text_align:center&#8221; use_theme_fonts=&#8221;yes&#8221;][vc_row_inner][vc_column_inner width=&#8221;1\/2&#8243;][vc_single_image image=&#8221;1234&#8243; img_size=&#8221;full&#8221; alignment=&#8221;center&#8221;][vc_column_text css=&#8221;.vc_custom_1594717954928{margin-top: -45px !important;}&#8221;]Die passgenaue und anwendungsbezogenen Entwicklung f\u00fcr kundenspezifische Elektromotoren die in verschiedensten Branchen zum Einsatz kommen, wird durch den eigenen Werkzeugbau ideal erg\u00e4nzt. Unsere Kapazit\u00e4ten im Werkzeugbau, sind so ausgelegt, dass uns selbst Unvorhergesehenes nicht aus der Bahn wirft.[\/vc_column_text][\/vc_column_inner][vc_column_inner width=&#8221;1\/2&#8243;][vc_single_image image=&#8221;1279&#8243; img_size=&#8221;full&#8221; alignment=&#8221;center&#8221;][vc_column_text css=&#8221;.vc_custom_1589873018800{margin-top: -45px !important;}&#8221;]Im Bedarfsfall \u00fcbernimmt unsere hauseigene Konstruktionsabteilung auch Kundendaten und konstruiert spezifisch weiter, damit die perfekten Werkzeuge f\u00fcr die perfekten Produktion vorhanden sind.[\/vc_column_text][\/vc_column_inner][\/vc_row_inner][vc_row_inner][vc_column_inner width=&#8221;1\/2&#8243;][vc_single_image image=&#8221;1277&#8243; img_size=&#8221;full&#8221; alignment=&#8221;center&#8221;][vc_column_text css=&#8221;.vc_custom_1594715944438{margin-top: -45px !important;}&#8221;]Mit unserem leistungsf\u00e4higen, modernen Maschinenpark sorgen wir f\u00fcr die Erstellung von Neuwerkzeugen sowie die Instandhaltung von Kundenwerkzeugen. Zudem erweitern wir mit den eigenen Werkzeugbau unsere Leistungsf\u00e4higkeit, wenn es um Reparaturen und \u00c4nderungen von Elektromotoren und anderen technischen Produkte geht. Selbstverst\u00e4ndlich k\u00f6nnen dadurch auch Anpassungen an Kundenwerkzeugen vornehmen.[\/vc_column_text][\/vc_column_inner][vc_column_inner width=&#8221;1\/2&#8243;][vc_single_image image=&#8221;496&#8243; img_size=&#8221;full&#8221; alignment=&#8221;center&#8221;][vc_column_text css=&#8221;.vc_custom_1589873044272{margin-top: -45px !important;}&#8221;]Hochqualifizierter Mitarbeiter und effiziente Prozesse sind die Grundlage f\u00fcr Fertigungsm\u00f6glichkeiten die Wirtschaftlichkeit und Qualit\u00e4t optimal verbinden.[\/vc_column_text][\/vc_column_inner][\/vc_row_inner][\/vc_column][\/vc_row][\/vc_section]<\/p>\n<\/div>","protected":false},"excerpt":{"rendered":"<p>[vc_section][vc_row][vc_column][vc_custom_heading text=&#8221;DER EIGENE WERKZEUGBAU MACHT UNS ALS HERSTELLER F\u00dcR ELEKTROMOTREN AUTARK&#8221; font_container=&#8221;tag:h1|text_align:center&#8221; use_theme_fonts=&#8221;yes&#8221;][vc_row_inner][vc_column_inner width=&#8221;1\/2&#8243;][vc_single_image image=&#8221;835&#8243; img_size=&#8221;full&#8221; alignment=&#8221;center&#8221; el_class=&#8221;m-b-none&#8221;][\/vc_column_inner][vc_column_inner width=&#8221;1\/2&#8243;][vc_single_image image=&#8221;823&#8243; img_size=&#8221;full&#8221; el_class=&#8221;m-b-none&#8221;][\/vc_column_inner][\/vc_row_inner][vc_row_inner][vc_column_inner][vc_custom_heading text=&#8221;Schneller, flexibler, wirtschaftlicher unsere<span class=\"excerpt-hellip\"> [\u2026]<\/span><\/p>\n","protected":false},"author":1,"featured_media":0,"parent":2192,"menu_order":0,"comment_status":"closed","ping_status":"closed","template":"","meta":{"footnotes":""},"class_list":["post-2213","page","type-page","status-publish","hentry"],"yoast_head":"<!-- This site is optimized with the Yoast SEO plugin v26.4 - https:\/\/yoast.com\/wordpress\/plugins\/seo\/ -->\n<title>Toolmaking - Fischer Elektromotoren<\/title>\n<meta name=\"robots\" content=\"index, follow, max-snippet:-1, max-image-preview:large, max-video-preview:-1\" \/>\n<link rel=\"canonical\" href=\"https:\/\/fischer-elektromotoren.de\/en\/services\/toolmaking\/\" \/>\n<meta property=\"og:locale\" content=\"en_US\" \/>\n<meta property=\"og:type\" content=\"article\" \/>\n<meta property=\"og:title\" content=\"Toolmaking - Fischer Elektromotoren\" \/>\n<meta property=\"og:description\" content=\"[vc_section][vc_row][vc_column][vc_custom_heading text=&#8221;DER EIGENE WERKZEUGBAU MACHT UNS ALS HERSTELLER F\u00dcR ELEKTROMOTREN AUTARK&#8221; font_container=&#8221;tag:h1|text_align:center&#8221; use_theme_fonts=&#8221;yes&#8221;][vc_row_inner][vc_column_inner width=&#8221;1\/2&#8243;][vc_single_image image=&#8221;835&#8243; img_size=&#8221;full&#8221; alignment=&#8221;center&#8221; el_class=&#8221;m-b-none&#8221;][\/vc_column_inner][vc_column_inner width=&#8221;1\/2&#8243;][vc_single_image image=&#8221;823&#8243; img_size=&#8221;full&#8221; el_class=&#8221;m-b-none&#8221;][\/vc_column_inner][\/vc_row_inner][vc_row_inner][vc_column_inner][vc_custom_heading text=&#8221;Schneller, flexibler, wirtschaftlicher unsere [\u2026]\" \/>\n<meta property=\"og:url\" content=\"https:\/\/fischer-elektromotoren.de\/en\/services\/toolmaking\/\" \/>\n<meta property=\"og:site_name\" content=\"Fischer Elektromotoren\" \/>\n<meta property=\"article:modified_time\" content=\"2021-01-27T14:30:42+00:00\" \/>\n<meta name=\"twitter:card\" content=\"summary_large_image\" \/>\n<meta name=\"twitter:label1\" content=\"Est. reading time\" \/>\n\t<meta name=\"twitter:data1\" content=\"3 minutes\" \/>\n<script type=\"application\/ld+json\" class=\"yoast-schema-graph\">{\"@context\":\"https:\/\/schema.org\",\"@graph\":[{\"@type\":\"WebPage\",\"@id\":\"https:\/\/fischer-elektromotoren.de\/en\/services\/toolmaking\/\",\"url\":\"https:\/\/fischer-elektromotoren.de\/en\/services\/toolmaking\/\",\"name\":\"Toolmaking - Fischer Elektromotoren\",\"isPartOf\":{\"@id\":\"https:\/\/fischer-elektromotoren.de\/en\/#website\"},\"datePublished\":\"2021-01-14T15:07:20+00:00\",\"dateModified\":\"2021-01-27T14:30:42+00:00\",\"breadcrumb\":{\"@id\":\"https:\/\/fischer-elektromotoren.de\/en\/services\/toolmaking\/#breadcrumb\"},\"inLanguage\":\"en-US\",\"potentialAction\":[{\"@type\":\"ReadAction\",\"target\":[\"https:\/\/fischer-elektromotoren.de\/en\/services\/toolmaking\/\"]}]},{\"@type\":\"BreadcrumbList\",\"@id\":\"https:\/\/fischer-elektromotoren.de\/en\/services\/toolmaking\/#breadcrumb\",\"itemListElement\":[{\"@type\":\"ListItem\",\"position\":1,\"name\":\"Startseite\",\"item\":\"https:\/\/fischer-elektromotoren.de\/en\/\"},{\"@type\":\"ListItem\",\"position\":2,\"name\":\"Services\",\"item\":\"https:\/\/fischer-elektromotoren.de\/en\/services\/\"},{\"@type\":\"ListItem\",\"position\":3,\"name\":\"Toolmaking\"}]},{\"@type\":\"WebSite\",\"@id\":\"https:\/\/fischer-elektromotoren.de\/en\/#website\",\"url\":\"https:\/\/fischer-elektromotoren.de\/en\/\",\"name\":\"Fischer Elektromotoren\",\"description\":\"\",\"potentialAction\":[{\"@type\":\"SearchAction\",\"target\":{\"@type\":\"EntryPoint\",\"urlTemplate\":\"https:\/\/fischer-elektromotoren.de\/en\/?s={search_term_string}\"},\"query-input\":{\"@type\":\"PropertyValueSpecification\",\"valueRequired\":true,\"valueName\":\"search_term_string\"}}],\"inLanguage\":\"en-US\"}]}<\/script>\n<!-- \/ Yoast SEO plugin. -->","yoast_head_json":{"title":"Toolmaking - Fischer Elektromotoren","robots":{"index":"index","follow":"follow","max-snippet":"max-snippet:-1","max-image-preview":"max-image-preview:large","max-video-preview":"max-video-preview:-1"},"canonical":"https:\/\/fischer-elektromotoren.de\/en\/services\/toolmaking\/","og_locale":"en_US","og_type":"article","og_title":"Toolmaking - Fischer Elektromotoren","og_description":"[vc_section][vc_row][vc_column][vc_custom_heading text=&#8221;DER EIGENE WERKZEUGBAU MACHT UNS ALS HERSTELLER F\u00dcR ELEKTROMOTREN AUTARK&#8221; font_container=&#8221;tag:h1|text_align:center&#8221; use_theme_fonts=&#8221;yes&#8221;][vc_row_inner][vc_column_inner width=&#8221;1\/2&#8243;][vc_single_image image=&#8221;835&#8243; img_size=&#8221;full&#8221; alignment=&#8221;center&#8221; el_class=&#8221;m-b-none&#8221;][\/vc_column_inner][vc_column_inner width=&#8221;1\/2&#8243;][vc_single_image image=&#8221;823&#8243; img_size=&#8221;full&#8221; el_class=&#8221;m-b-none&#8221;][\/vc_column_inner][\/vc_row_inner][vc_row_inner][vc_column_inner][vc_custom_heading text=&#8221;Schneller, flexibler, wirtschaftlicher unsere [\u2026]","og_url":"https:\/\/fischer-elektromotoren.de\/en\/services\/toolmaking\/","og_site_name":"Fischer Elektromotoren","article_modified_time":"2021-01-27T14:30:42+00:00","twitter_card":"summary_large_image","twitter_misc":{"Est. reading time":"3 minutes"},"schema":{"@context":"https:\/\/schema.org","@graph":[{"@type":"WebPage","@id":"https:\/\/fischer-elektromotoren.de\/en\/services\/toolmaking\/","url":"https:\/\/fischer-elektromotoren.de\/en\/services\/toolmaking\/","name":"Toolmaking - Fischer Elektromotoren","isPartOf":{"@id":"https:\/\/fischer-elektromotoren.de\/en\/#website"},"datePublished":"2021-01-14T15:07:20+00:00","dateModified":"2021-01-27T14:30:42+00:00","breadcrumb":{"@id":"https:\/\/fischer-elektromotoren.de\/en\/services\/toolmaking\/#breadcrumb"},"inLanguage":"en-US","potentialAction":[{"@type":"ReadAction","target":["https:\/\/fischer-elektromotoren.de\/en\/services\/toolmaking\/"]}]},{"@type":"BreadcrumbList","@id":"https:\/\/fischer-elektromotoren.de\/en\/services\/toolmaking\/#breadcrumb","itemListElement":[{"@type":"ListItem","position":1,"name":"Startseite","item":"https:\/\/fischer-elektromotoren.de\/en\/"},{"@type":"ListItem","position":2,"name":"Services","item":"https:\/\/fischer-elektromotoren.de\/en\/services\/"},{"@type":"ListItem","position":3,"name":"Toolmaking"}]},{"@type":"WebSite","@id":"https:\/\/fischer-elektromotoren.de\/en\/#website","url":"https:\/\/fischer-elektromotoren.de\/en\/","name":"Fischer Elektromotoren","description":"","potentialAction":[{"@type":"SearchAction","target":{"@type":"EntryPoint","urlTemplate":"https:\/\/fischer-elektromotoren.de\/en\/?s={search_term_string}"},"query-input":{"@type":"PropertyValueSpecification","valueRequired":true,"valueName":"search_term_string"}}],"inLanguage":"en-US"}]}},"_links":{"self":[{"href":"https:\/\/fischer-elektromotoren.de\/en\/wp-json\/wp\/v2\/pages\/2213","targetHints":{"allow":["GET"]}}],"collection":[{"href":"https:\/\/fischer-elektromotoren.de\/en\/wp-json\/wp\/v2\/pages"}],"about":[{"href":"https:\/\/fischer-elektromotoren.de\/en\/wp-json\/wp\/v2\/types\/page"}],"author":[{"embeddable":true,"href":"https:\/\/fischer-elektromotoren.de\/en\/wp-json\/wp\/v2\/users\/1"}],"replies":[{"embeddable":true,"href":"https:\/\/fischer-elektromotoren.de\/en\/wp-json\/wp\/v2\/comments?post=2213"}],"version-history":[{"count":3,"href":"https:\/\/fischer-elektromotoren.de\/en\/wp-json\/wp\/v2\/pages\/2213\/revisions"}],"predecessor-version":[{"id":2637,"href":"https:\/\/fischer-elektromotoren.de\/en\/wp-json\/wp\/v2\/pages\/2213\/revisions\/2637"}],"up":[{"embeddable":true,"href":"https:\/\/fischer-elektromotoren.de\/en\/wp-json\/wp\/v2\/pages\/2192"}],"wp:attachment":[{"href":"https:\/\/fischer-elektromotoren.de\/en\/wp-json\/wp\/v2\/media?parent=2213"}],"curies":[{"name":"wp","href":"https:\/\/api.w.org\/{rel}","templated":true}]}}